{"id":2063,"date":"2022-12-06T15:13:51","date_gmt":"2022-12-06T14:13:51","guid":{"rendered":"https:\/\/pro-plan.org\/note-legali\/"},"modified":"2025-08-21T14:23:56","modified_gmt":"2025-08-21T12:23:56","slug":"note-legali","status":"publish","type":"page","link":"https:\/\/pro-plan.org\/it\/note-legali\/","title":{"rendered":"Note legali"},"content":{"rendered":"\t\t<div data-elementor-type=\"wp-page\" data-elementor-id=\"2063\" class=\"elementor elementor-2063 elementor-339\">\n\t\t\t\t\t\t<section class=\"elementor-section elementor-top-section elementor-element elementor-element-e29c8f4 elementor-section-boxed elementor-section-height-default elementor-section-height-default jltma-glass-effect-no\" data-id=\"e29c8f4\" data-element_type=\"section\" data-e-type=\"section\">\n\t\t\t\t\t\t<div class=\"elementor-container elementor-column-gap-default\">\n\t\t\t\t\t<div class=\"elementor-column elementor-col-100 elementor-top-column elementor-element elementor-element-a520ab9 jltma-glass-effect-no\" data-id=\"a520ab9\" data-element_type=\"column\" data-e-type=\"column\">\n\t\t\t<div class=\"elementor-widget-wrap elementor-element-populated\">\n\t\t\t\t\t\t<div class=\"elementor-element elementor-element-82631cb jltma-glass-effect-no elementor-widget elementor-widget-text-editor\" data-id=\"82631cb\" data-element_type=\"widget\" data-e-type=\"widget\" data-widget_type=\"text-editor.default\">\n\t\t\t\t<div class=\"elementor-widget-container\">\n\t\t\t\t\t\t\t\t\t<section data-id=\"b61205c\" data-element_type=\"section\">\n<h2 style=\"font-family: poppins; font-weight: semi-bold;\"><span style=\"color: #2c3c44;\">Note legali<\/span><\/h2>\n<div class=\"page\" title=\"Page 6\">\n<div class=\"layoutArea\">\n<div class=\"column\">\n<h4><span style=\"color: #046f73;\"><strong>Informazioni ai sensi del \u00a75 TMG<\/strong><\/span><\/h4>\n<b data-stringify-type=\"bold\">Responsabile dei contenuti ai sensi del \u00a7 55 comma 2 RStV: <\/b>\n\nPRO-PLAN Allestimenti interni e arredamenti su misura\n\n<strong>Titolare<\/strong>: B.J. Mrozek\n\n<strong>Indirizzo<\/strong>: Hofbreiten 3, 93093 Donaustauf\n<strong>Numero di telefono<\/strong>: +4917670756670\n<strong>Mail:<\/strong> info@pro-plan.org\n\n<\/div>\n<\/div>\n<\/div>\n<b data-stringify-type=\"bold\">Partita IVA ai sensi del \u00a727a della Legge sull\u2019imposta sul valore aggiunto<\/b>: USt-IdNr: DE815777433\n\n<\/section><section data-id=\"884d9ac\" data-element_type=\"section\"><\/section>\n<h2 style=\"font-family: poppins; font-weight: semi-bold;\"><span style=\"color: #2c3c44;\">Esclusione di responsabilit\u00e0 (Disclaimer)<\/span><\/h2>\n<h4><span style=\"color: #046f73;\"><strong>Responsabilit\u00e0 per i contenuti<\/strong><\/span><\/h4>\nIn qualit\u00e0 di fornitori di servizi siamo, ai sensi del \u00a7 7 comma 1 TMG, responsabili dei contenuti propri presenti su queste pagine secondo le leggi generali. Ai sensi dei \u00a7\u00a7 8\u201310 TMG non siamo per\u00f2 obbligati, in quanto fornitori di servizi, a controllare le informazioni di terzi trasmesse o memorizzate, n\u00e9 a indagare su circostanze che indichino un\u2019attivit\u00e0 illecita. Restano impregiudicati gli obblighi di rimozione o di blocco dell\u2019utilizzo di informazioni in conformit\u00e0 alle leggi generali. Una responsabilit\u00e0 in tal senso \u00e8 tuttavia possibile solo dal momento in cui si venga a conoscenza di una concreta violazione della legge. Nel caso in cui venissero accertate violazioni di questo tipo, provvederemo a rimuovere immediatamente tali contenuti.     \n<h4><span style=\"color: #046f73;\"><strong>Responsabilit\u00e0 per i link<\/strong><\/span><\/h4>\nLa nostra offerta contiene link a siti web esterni di terzi, sui cui contenuti non abbiamo alcuna influenza. Pertanto non possiamo assumerci alcuna garanzia per tali contenuti esterni. Per i contenuti delle pagine collegate \u00e8 sempre responsabile il rispettivo fornitore o gestore delle stesse. Al momento del collegamento, le pagine sono state verificate per possibili violazioni di legge. Contenuti illegali non erano riconoscibili al momento del collegamento. Un controllo costante dei contenuti delle pagine collegate non \u00e8 tuttavia ragionevole senza concreti indizi di una violazione della legge. Nel caso in cui venissimo a conoscenza di violazioni, provvederemo a rimuovere immediatamente tali link.      \n<h4><span style=\"color: #046f73;\"><strong>Diritto d\u2019autore<\/strong><\/span><\/h4>\nI contenuti e le opere realizzati dai gestori di queste pagine sono soggetti al diritto d\u2019autore tedesco. La riproduzione, l\u2019elaborazione, la diffusione e qualsiasi tipo di utilizzo al di fuori dei limiti del diritto d\u2019autore richiedono il consenso scritto del rispettivo autore o creatore. Download e copie di questa pagina sono consentiti solo per uso privato e non commerciale. Nella misura in cui i contenuti di questa pagina non siano stati creati dal gestore, vengono rispettati i diritti d\u2019autore di terzi. In particolare, i contenuti di terzi sono contrassegnati come tali. Qualora doveste comunque notare una violazione del diritto d\u2019autore, vi preghiamo di segnalarcelo. In caso di accertata violazione, provvederemo a rimuovere immediatamente tali contenuti.      \t\t\t\t\t\t\t\t<\/div>\n\t\t\t\t<\/div>\n\t\t\t\t\t<\/div>\n\t\t<\/div>\n\t\t\t\t\t<\/div>\n\t\t<\/section>\n\t\t\t\t<\/div>\n\t\t","protected":false},"excerpt":{"rendered":"<p>Note legali Informazioni ai sensi del \u00a75 TMG Responsabile dei contenuti ai sensi del \u00a7 55 comma 2 RStV: PRO-PLAN Allestimenti interni e arredamenti su misura Titolare: B.J. Mrozek Indirizzo: Hofbreiten 3, 93093 Donaustauf Numero di telefono: +4917670756670 Mail: info@pro-plan.org Partita IVA ai sensi del \u00a727a della Legge sull\u2019imposta sul valore aggiunto: USt-IdNr: DE815777433 Esclusione [&hellip;]<\/p>\n","protected":false},"author":1,"featured_media":0,"parent":0,"menu_order":0,"comment_status":"closed","ping_status":"closed","template":"elementor_header_footer","meta":{"site-sidebar-layout":"no-sidebar","site-content-layout":"page-builder","ast-site-content-layout":"default","site-content-style":"default","site-sidebar-style":"default","ast-global-header-display":"","ast-banner-title-visibility":"","ast-main-header-display":"","ast-hfb-above-header-display":"","ast-hfb-below-header-display":"","ast-hfb-mobile-header-display":"","site-post-title":"disabled","ast-breadcrumbs-content":"","ast-featured-img":"disabled","footer-sml-layout":"","ast-disable-related-posts":"","theme-transparent-header-meta":"","adv-header-id-meta":"","stick-header-meta":"","header-above-stick-meta":"","header-main-stick-meta":"","header-below-stick-meta":"","astra-migrate-meta-layouts":"default","ast-page-background-enabled":"default","ast-page-background-meta":{"desktop":{"background-color":"var(--ast-global-color-4)","background-image":"","background-repeat":"repeat","background-position":"center center","background-size":"auto","background-attachment":"scroll","background-type":"","background-media":"","overlay-type":"","overlay-color":"","overlay-opacity":"","overlay-gradient":""},"tablet":{"background-color":"","background-image":"","background-repeat":"repeat","background-position":"center center","background-size":"auto","background-attachment":"scroll","background-type":"","background-media":"","overlay-type":"","overlay-color":"","overlay-opacity":"","overlay-gradient":""},"mobile":{"background-color":"","background-image":"","background-repeat":"repeat","background-position":"center center","background-size":"auto","background-attachment":"scroll","background-type":"","background-media":"","overlay-type":"","overlay-color":"","overlay-opacity":"","overlay-gradient":""}},"ast-content-background-meta":{"desktop":{"background-color":"var(--ast-global-color-5)","background-image":"","background-repeat":"repeat","background-position":"center center","background-size":"auto","background-attachment":"scroll","background-type":"","background-media":"","overlay-type":"","overlay-color":"","overlay-opacity":"","overlay-gradient":""},"tablet":{"background-color":"var(--ast-global-color-5)","background-image":"","background-repeat":"repeat","background-position":"center center","background-size":"auto","background-attachment":"scroll","background-type":"","background-media":"","overlay-type":"","overlay-color":"","overlay-opacity":"","overlay-gradient":""},"mobile":{"background-color":"var(--ast-global-color-5)","background-image":"","background-repeat":"repeat","background-position":"center center","background-size":"auto","background-attachment":"scroll","background-type":"","background-media":"","overlay-type":"","overlay-color":"","overlay-opacity":"","overlay-gradient":""}},"footnotes":""},"class_list":["post-2063","page","type-page","status-publish","hentry"],"_links":{"self":[{"href":"https:\/\/pro-plan.org\/it\/wp-json\/wp\/v2\/pages\/2063","targetHints":{"allow":["GET"]}}],"collection":[{"href":"https:\/\/pro-plan.org\/it\/wp-json\/wp\/v2\/pages"}],"about":[{"href":"https:\/\/pro-plan.org\/it\/wp-json\/wp\/v2\/types\/page"}],"author":[{"embeddable":true,"href":"https:\/\/pro-plan.org\/it\/wp-json\/wp\/v2\/users\/1"}],"replies":[{"embeddable":true,"href":"https:\/\/pro-plan.org\/it\/wp-json\/wp\/v2\/comments?post=2063"}],"version-history":[{"count":1,"href":"https:\/\/pro-plan.org\/it\/wp-json\/wp\/v2\/pages\/2063\/revisions"}],"predecessor-version":[{"id":2064,"href":"https:\/\/pro-plan.org\/it\/wp-json\/wp\/v2\/pages\/2063\/revisions\/2064"}],"wp:attachment":[{"href":"https:\/\/pro-plan.org\/it\/wp-json\/wp\/v2\/media?parent=2063"}],"curies":[{"name":"wp","href":"https:\/\/api.w.org\/{rel}","templated":true}]}}